{"id":2,"date":"2026-02-03T00:57:28","date_gmt":"2026-02-03T00:57:28","guid":{"rendered":"https:\/\/ccdrtibas.go.cr\/?page_id=2"},"modified":"2026-02-03T01:10:53","modified_gmt":"2026-02-03T01:10:53","slug":"ccdrtibas","status":"publish","type":"page","link":"https:\/\/ccdrtibas.go.cr\/index.php\/ccdrtibas\/","title":{"rendered":"Comit\u00e9 de Deportes y Recreaci\u00f3n de Tib\u00e1s"},"content":{"rendered":"\n<p>Sitio en construcci\u00f3n<\/p>\n\n\n\n<blockquote class=\"wp-block-quote is-layout-flow wp-block-quote-is-layout-flow\">\n<p>Junta Administrativa<\/p>\n<\/blockquote>\n\n\n\n<p>Miembros<\/p>\n\n\n\n<blockquote class=\"wp-block-quote is-layout-flow wp-block-quote-is-layout-flow\">\n<p><\/p>\n<\/blockquote>\n\n\n\n<p><\/p>\n","protected":false},"excerpt":{"rendered":"<p>Sitio en construcci\u00f3n Junta Administrativa Miembros<\/p>\n","protected":false},"author":1,"featured_media":0,"parent":0,"menu_order":0,"comment_status":"closed","ping_status":"closed","template":"","meta":{"footnotes":""},"class_list":["post-2","page","type-page","status-publish","hentry"],"_links":{"self":[{"href":"https:\/\/ccdrtibas.go.cr\/index.php\/wp-json\/wp\/v2\/pages\/2","targetHints":{"allow":["GET"]}}],"collection":[{"href":"https:\/\/ccdrtibas.go.cr\/index.php\/wp-json\/wp\/v2\/pages"}],"about":[{"href":"https:\/\/ccdrtibas.go.cr\/index.php\/wp-json\/wp\/v2\/types\/page"}],"author":[{"embeddable":true,"href":"https:\/\/ccdrtibas.go.cr\/index.php\/wp-json\/wp\/v2\/users\/1"}],"replies":[{"embeddable":true,"href":"https:\/\/ccdrtibas.go.cr\/index.php\/wp-json\/wp\/v2\/comments?post=2"}],"version-history":[{"count":2,"href":"https:\/\/ccdrtibas.go.cr\/index.php\/wp-json\/wp\/v2\/pages\/2\/revisions"}],"predecessor-version":[{"id":11,"href":"https:\/\/ccdrtibas.go.cr\/index.php\/wp-json\/wp\/v2\/pages\/2\/revisions\/11"}],"wp:attachment":[{"href":"https:\/\/ccdrtibas.go.cr\/index.php\/wp-json\/wp\/v2\/media?parent=2"}],"curies":[{"name":"wp","href":"https:\/\/api.w.org\/{rel}","templated":true}]}}